{"id":63,"date":"2018-12-19T08:01:55","date_gmt":"2018-12-19T08:01:55","guid":{"rendered":"https:\/\/demo.ovatheme.com\/reon\/?page_id=63"},"modified":"2024-10-21T15:50:54","modified_gmt":"2024-10-21T12:50:54","slug":"gallery","status":"publish","type":"page","link":"https:\/\/mshiddengarden.com\/tr\/gallery\/","title":{"rendered":"Galeri"},"content":{"rendered":"<div data-elementor-type=\"wp-post\" data-elementor-id=\"63\" class=\"elementor elementor-63\" data-elementor-post-type=\"page\">\n\t\t\t\t\t\t<section class=\"elementor-section elementor-top-section elementor-element elementor-element-9307600 elementor-section-full_width elementor-section-height-default elementor-section-height-default\" data-id=\"9307600\" data-element_type=\"section\" data-e-type=\"section\">\n\t\t\t\t\t\t<div class=\"elementor-container elementor-column-gap-no\">\n\t\t\t\t\t<div class=\"elementor-column elementor-col-100 elementor-top-column elementor-element elementor-element-bf7ce9a\" data-id=\"bf7ce9a\" data-element_type=\"column\" data-e-type=\"column\">\n\t\t\t<div class=\"elementor-widget-wrap elementor-element-populated\">\n\t\t\t\t\t\t<div class=\"elementor-element elementor-element-9bdf896 elementor-widget elementor-widget-ova_heading\" data-id=\"9bdf896\" data-element_type=\"widget\" data-e-type=\"widget\" data-widget_type=\"ova_heading.default\">\n\t\t\t\t<div class=\"elementor-widget-container\">\n\t\t\t\t\t\t\t\t\t<section class=\"breadcrumb-menu-v2 breadcrumb-section section-box\" style=\"background-image: url(https:\/\/mshiddengarden.com\/wp-content\/uploads\/2024\/05\/13382.jpeg)\">\n\t\t\t\t<div class=\"container\">\n\t\t\t\t\t<div class=\"breadcrumb-inner\">\n\t\t\t\t\t\t\t\t\t\t\t\t\t<h1>Galeri<\/h1>\n\t\t\t\t\t\t\t\t\t\t\t\t\t\t\t\t\t\t\t<span class=\"breadcrumbs-text\">\u0130stanbul'un merkezinde T\u00fcrk ve D\u00fcnya mutfa\u011f\u0131n\u0131n en kaliteli lezzetlerini deneyimlemek i\u00e7in sizleri bekliyoruz!<\/span>\n\t\t\t\t\t\t\t\t\t\t\t<\/div>\t\n\t\t\t\t<\/div>\n\t\t\t<\/section>\n\t\t\t\t\t\t\t<\/div>\n\t\t\t\t<\/div>\n\t\t\t\t\t<\/div>\n\t\t<\/div>\n\t\t\t\t\t<\/div>\n\t\t<\/section>\n\t\t\t\t<section class=\"elementor-section elementor-top-section elementor-element elementor-element-d9b9011 elementor-section-boxed elementor-section-height-default elementor-section-height-default\" data-id=\"d9b9011\" data-element_type=\"section\" data-e-type=\"section\">\n\t\t\t\t\t\t<div class=\"elementor-container elementor-column-gap-default\">\n\t\t\t\t\t<div class=\"elementor-column elementor-col-33 elementor-top-column elementor-element elementor-element-6c5cefb\" data-id=\"6c5cefb\" data-element_type=\"column\" data-e-type=\"column\">\n\t\t\t<div class=\"elementor-widget-wrap elementor-element-populated\">\n\t\t\t\t\t\t<div class=\"elementor-element elementor-element-139b5eb elementor-widget elementor-widget-video\" data-id=\"139b5eb\" data-element_type=\"widget\" data-e-type=\"widget\" data-settings=\"{&quot;video_type&quot;:&quot;hosted&quot;,&quot;autoplay&quot;:&quot;yes&quot;,&quot;play_on_mobile&quot;:&quot;yes&quot;,&quot;loop&quot;:&quot;yes&quot;,&quot;controls&quot;:&quot;yes&quot;}\" data-widget_type=\"video.default\">\n\t\t\t\t<div class=\"elementor-widget-container\">\n\t\t\t\t\t\t\t<div class=\"e-hosted-video elementor-wrapper elementor-open-inline\">\n\t\t\t\t\t<video class=\"elementor-video\" src=\"https:\/\/mshiddengarden.com\/wp-content\/uploads\/2024\/08\/WhatsApp-Video-2024-08-23-at-15.19.53.mp4\" autoplay=\"\" loop=\"\" controls=\"\" playsinline=\"\" controlslist=\"nodownload\"><\/video>\n\t\t\t\t<\/div>\n\t\t\t\t\t\t<\/div>\n\t\t\t\t<\/div>\n\t\t\t\t\t<\/div>\n\t\t<\/div>\n\t\t\t\t<div class=\"elementor-column elementor-col-33 elementor-top-column elementor-element elementor-element-9909fe1\" data-id=\"9909fe1\" data-element_type=\"column\" data-e-type=\"column\">\n\t\t\t<div class=\"elementor-widget-wrap\">\n\t\t\t\t\t\t\t<\/div>\n\t\t<\/div>\n\t\t\t\t<div class=\"elementor-column elementor-col-33 elementor-top-column elementor-element elementor-element-7fdecc4\" data-id=\"7fdecc4\" data-element_type=\"column\" data-e-type=\"column\">\n\t\t\t<div class=\"elementor-widget-wrap\">\n\t\t\t\t\t\t\t<\/div>\n\t\t<\/div>\n\t\t\t\t\t<\/div>\n\t\t<\/section>\n\t\t\t\t<section class=\"elementor-section elementor-top-section elementor-element elementor-element-07b2a0f elementor-section-boxed elementor-section-height-default elementor-section-height-default\" data-id=\"07b2a0f\" data-element_type=\"section\" data-e-type=\"section\">\n\t\t\t\t\t\t<div class=\"elementor-container elementor-column-gap-default\">\n\t\t\t\t\t<div class=\"elementor-column elementor-col-100 elementor-top-column elementor-element elementor-element-62d71e1\" data-id=\"62d71e1\" data-element_type=\"column\" data-e-type=\"column\">\n\t\t\t<div class=\"elementor-widget-wrap elementor-element-populated\">\n\t\t\t\t\t\t<div class=\"elementor-element elementor-element-6a2d562 elementor-widget elementor-widget-gallery\" data-id=\"6a2d562\" data-element_type=\"widget\" data-e-type=\"widget\" data-settings=\"{&quot;gallery_layout&quot;:&quot;masonry&quot;,&quot;columns_mobile&quot;:2,&quot;lazyload&quot;:&quot;yes&quot;,&quot;columns&quot;:4,&quot;columns_tablet&quot;:2,&quot;gap&quot;:{&quot;unit&quot;:&quot;px&quot;,&quot;size&quot;:10,&quot;sizes&quot;:[]},&quot;gap_tablet&quot;:{&quot;unit&quot;:&quot;px&quot;,&quot;size&quot;:10,&quot;sizes&quot;:[]},&quot;gap_mobile&quot;:{&quot;unit&quot;:&quot;px&quot;,&quot;size&quot;:10,&quot;sizes&quot;:[]},&quot;link_to&quot;:&quot;file&quot;,&quot;content_hover_animation&quot;:&quot;fade-in&quot;}\" data-widget_type=\"gallery.default\">\n\t\t\t\t<div class=\"elementor-widget-container\">\n\t\t\t\t\t\t\t<div class=\"elementor-gallery__container\">\n\t\t\t\t\t\t\t<a class=\"e-gallery-item elementor-gallery-item elementor-animated-content\" href=\"https:\/\/mshiddengarden.com\/wp-content\/uploads\/2024\/05\/418935758_750620180447521_1919979283684817415_n.jpg\" data-elementor-open-lightbox=\"yes\" data-elementor-lightbox-slideshow=\"6a2d562\" data-e-action-hash=\"#elementor-action%3Aaction%3Dlightbox%26settings%3DeyJpZCI6Mzg1MSwidXJsIjoiaHR0cHM6XC9cL21zaGlkZGVuZ2FyZGVuLmNvbVwvd3AtY29udGVudFwvdXBsb2Fkc1wvMjAyNFwvMDVcLzQxODkzNTc1OF83NTA2MjAxODA0NDc1MjFfMTkxOTk3OTI4MzY4NDgxNzQxNV9uLmpwZyIsInNsaWRlc2hvdyI6IjZhMmQ1NjIifQ%3D%3D\">\n\t\t\t\t\t<div class=\"e-gallery-image elementor-gallery-item__image\" data-thumbnail=\"https:\/\/mshiddengarden.com\/wp-content\/uploads\/2024\/05\/418935758_750620180447521_1919979283684817415_n.jpg\" data-width=\"2048\" data-height=\"2048\" aria-label=\"Galeri\" role=\"img\" ><\/div>\n\t\t\t\t\t\t\t\t\t\t\t\t\t\t<\/a>\n\t\t\t\t\t\t\t<a class=\"e-gallery-item elementor-gallery-item elementor-animated-content\" href=\"https:\/\/mshiddengarden.com\/wp-content\/uploads\/2024\/05\/421982191_766559135520292_3222244185786482193_n.jpg\" data-elementor-open-lightbox=\"yes\" data-elementor-lightbox-slideshow=\"6a2d562\" data-e-action-hash=\"#elementor-action%3Aaction%3Dlightbox%26settings%3DeyJpZCI6Mzg1MiwidXJsIjoiaHR0cHM6XC9cL21zaGlkZGVuZ2FyZGVuLmNvbVwvd3AtY29udGVudFwvdXBsb2Fkc1wvMjAyNFwvMDVcLzQyMTk4MjE5MV83NjY1NTkxMzU1MjAyOTJfMzIyMjI0NDE4NTc4NjQ4MjE5M19uLmpwZyIsInNsaWRlc2hvdyI6IjZhMmQ1NjIifQ%3D%3D\">\n\t\t\t\t\t<div class=\"e-gallery-image elementor-gallery-item__image\" data-thumbnail=\"https:\/\/mshiddengarden.com\/wp-content\/uploads\/2024\/05\/421982191_766559135520292_3222244185786482193_n.jpg\" data-width=\"2048\" data-height=\"2048\" aria-label=\"Dining in Istanbul\" role=\"img\" ><\/div>\n\t\t\t\t\t\t\t\t\t\t\t\t\t\t<\/a>\n\t\t\t\t\t\t\t<a class=\"e-gallery-item elementor-gallery-item elementor-animated-content\" href=\"https:\/\/mshiddengarden.com\/wp-content\/uploads\/2024\/05\/424594110_766558105520395_5352702244736017642_n.jpg\" data-elementor-open-lightbox=\"yes\" data-elementor-lightbox-slideshow=\"6a2d562\" data-e-action-hash=\"#elementor-action%3Aaction%3Dlightbox%26settings%3DeyJpZCI6Mzg1MywidXJsIjoiaHR0cHM6XC9cL21zaGlkZGVuZ2FyZGVuLmNvbVwvd3AtY29udGVudFwvdXBsb2Fkc1wvMjAyNFwvMDVcLzQyNDU5NDExMF83NjY1NTgxMDU1MjAzOTVfNTM1MjcwMjI0NDczNjAxNzY0Ml9uLmpwZyIsInNsaWRlc2hvdyI6IjZhMmQ1NjIifQ%3D%3D\">\n\t\t\t\t\t<div class=\"e-gallery-image elementor-gallery-item__image\" data-thumbnail=\"https:\/\/mshiddengarden.com\/wp-content\/uploads\/2024\/05\/424594110_766558105520395_5352702244736017642_n.jpg\" data-width=\"2048\" data-height=\"2048\" aria-label=\"10 Reasons Hidden Garden Offers the Best Kebab in Sultanahmet\" role=\"img\" ><\/div>\n\t\t\t\t\t\t\t\t\t\t\t\t\t\t<\/a>\n\t\t\t\t\t\t\t<a class=\"e-gallery-item elementor-gallery-item elementor-animated-content\" href=\"https:\/\/mshiddengarden.com\/wp-content\/uploads\/2024\/05\/424661387_773136318195907_8875841863783438953_n.jpg\" data-elementor-open-lightbox=\"yes\" data-elementor-lightbox-slideshow=\"6a2d562\" data-e-action-hash=\"#elementor-action%3Aaction%3Dlightbox%26settings%3DeyJpZCI6Mzg1NCwidXJsIjoiaHR0cHM6XC9cL21zaGlkZGVuZ2FyZGVuLmNvbVwvd3AtY29udGVudFwvdXBsb2Fkc1wvMjAyNFwvMDVcLzQyNDY2MTM4N183NzMxMzYzMTgxOTU5MDdfODg3NTg0MTg2Mzc4MzQzODk1M19uLmpwZyIsInNsaWRlc2hvdyI6IjZhMmQ1NjIifQ%3D%3D\">\n\t\t\t\t\t<div class=\"e-gallery-image elementor-gallery-item__image\" data-thumbnail=\"https:\/\/mshiddengarden.com\/wp-content\/uploads\/2024\/05\/424661387_773136318195907_8875841863783438953_n.jpg\" data-width=\"2048\" data-height=\"2048\" aria-label=\"Best Restaurant Near Me\" role=\"img\" ><\/div>\n\t\t\t\t\t\t\t\t\t\t\t\t\t\t<\/a>\n\t\t\t\t\t\t\t<a class=\"e-gallery-item elementor-gallery-item elementor-animated-content\" href=\"https:\/\/mshiddengarden.com\/wp-content\/uploads\/2024\/05\/424897317_771471535029052_1329167959822829221_n.jpg\" data-elementor-open-lightbox=\"yes\" data-elementor-lightbox-slideshow=\"6a2d562\" data-e-action-hash=\"#elementor-action%3Aaction%3Dlightbox%26settings%3DeyJpZCI6Mzg1NSwidXJsIjoiaHR0cHM6XC9cL21zaGlkZGVuZ2FyZGVuLmNvbVwvd3AtY29udGVudFwvdXBsb2Fkc1wvMjAyNFwvMDVcLzQyNDg5NzMxN183NzE0NzE1MzUwMjkwNTJfMTMyOTE2Nzk1OTgyMjgyOTIyMV9uLmpwZyIsInNsaWRlc2hvdyI6IjZhMmQ1NjIifQ%3D%3D\">\n\t\t\t\t\t<div class=\"e-gallery-image elementor-gallery-item__image\" data-thumbnail=\"https:\/\/mshiddengarden.com\/wp-content\/uploads\/2024\/05\/424897317_771471535029052_1329167959822829221_n.jpg\" data-width=\"2048\" data-height=\"2048\" aria-label=\"Galeri\" role=\"img\" ><\/div>\n\t\t\t\t\t\t\t\t\t\t\t\t\t\t<\/a>\n\t\t\t\t\t\t\t<a class=\"e-gallery-item elementor-gallery-item elementor-animated-content\" href=\"https:\/\/mshiddengarden.com\/wp-content\/uploads\/2024\/05\/424933008_769081895268016_5524842225985843438_n.jpg\" data-elementor-open-lightbox=\"yes\" data-elementor-lightbox-slideshow=\"6a2d562\" data-e-action-hash=\"#elementor-action%3Aaction%3Dlightbox%26settings%3DeyJpZCI6Mzg1NiwidXJsIjoiaHR0cHM6XC9cL21zaGlkZGVuZ2FyZGVuLmNvbVwvd3AtY29udGVudFwvdXBsb2Fkc1wvMjAyNFwvMDVcLzQyNDkzMzAwOF83NjkwODE4OTUyNjgwMTZfNTUyNDg0MjIyNTk4NTg0MzQzOF9uLmpwZyIsInNsaWRlc2hvdyI6IjZhMmQ1NjIifQ%3D%3D\">\n\t\t\t\t\t<div class=\"e-gallery-image elementor-gallery-item__image\" data-thumbnail=\"https:\/\/mshiddengarden.com\/wp-content\/uploads\/2024\/05\/424933008_769081895268016_5524842225985843438_n.jpg\" data-width=\"2048\" data-height=\"2048\" aria-label=\"Galeri\" role=\"img\" ><\/div>\n\t\t\t\t\t\t\t\t\t\t\t\t\t\t<\/a>\n\t\t\t\t\t\t\t<a class=\"e-gallery-item elementor-gallery-item elementor-animated-content\" href=\"https:\/\/mshiddengarden.com\/wp-content\/uploads\/2024\/05\/424958520_775255097984029_4037879795167553554_n-1-1.jpg\" data-elementor-open-lightbox=\"yes\" data-elementor-lightbox-slideshow=\"6a2d562\" data-e-action-hash=\"#elementor-action%3Aaction%3Dlightbox%26settings%3DeyJpZCI6Mzg1NywidXJsIjoiaHR0cHM6XC9cL21zaGlkZGVuZ2FyZGVuLmNvbVwvd3AtY29udGVudFwvdXBsb2Fkc1wvMjAyNFwvMDVcLzQyNDk1ODUyMF83NzUyNTUwOTc5ODQwMjlfNDAzNzg3OTc5NTE2NzU1MzU1NF9uLTEtMS5qcGciLCJzbGlkZXNob3ciOiI2YTJkNTYyIn0%3D\">\n\t\t\t\t\t<div class=\"e-gallery-image elementor-gallery-item__image\" data-thumbnail=\"https:\/\/mshiddengarden.com\/wp-content\/uploads\/2024\/05\/424958520_775255097984029_4037879795167553554_n-1-1.jpg\" data-width=\"2048\" data-height=\"2048\" aria-label=\"Galeri\" role=\"img\" ><\/div>\n\t\t\t\t\t\t\t\t\t\t\t\t\t\t<\/a>\n\t\t\t\t\t\t\t<a class=\"e-gallery-item elementor-gallery-item elementor-animated-content\" href=\"https:\/\/mshiddengarden.com\/wp-content\/uploads\/2024\/05\/424958520_775255097984029_4037879795167553554_n.jpg\" data-elementor-open-lightbox=\"yes\" data-elementor-lightbox-slideshow=\"6a2d562\" data-e-action-hash=\"#elementor-action%3Aaction%3Dlightbox%26settings%3DeyJpZCI6Mzg1OCwidXJsIjoiaHR0cHM6XC9cL21zaGlkZGVuZ2FyZGVuLmNvbVwvd3AtY29udGVudFwvdXBsb2Fkc1wvMjAyNFwvMDVcLzQyNDk1ODUyMF83NzUyNTUwOTc5ODQwMjlfNDAzNzg3OTc5NTE2NzU1MzU1NF9uLmpwZyIsInNsaWRlc2hvdyI6IjZhMmQ1NjIifQ%3D%3D\">\n\t\t\t\t\t<div class=\"e-gallery-image elementor-gallery-item__image\" data-thumbnail=\"https:\/\/mshiddengarden.com\/wp-content\/uploads\/2024\/05\/424958520_775255097984029_4037879795167553554_n.jpg\" data-width=\"2048\" data-height=\"2048\" aria-label=\"Galeri\" role=\"img\" ><\/div>\n\t\t\t\t\t\t\t\t\t\t\t\t\t\t<\/a>\n\t\t\t\t\t\t\t<a class=\"e-gallery-item elementor-gallery-item elementor-animated-content\" href=\"https:\/\/mshiddengarden.com\/wp-content\/uploads\/2024\/05\/425345255_777968404379365_4430343321106348724_n.jpg\" data-elementor-open-lightbox=\"yes\" data-elementor-lightbox-slideshow=\"6a2d562\" data-e-action-hash=\"#elementor-action%3Aaction%3Dlightbox%26settings%3DeyJpZCI6Mzg1OSwidXJsIjoiaHR0cHM6XC9cL21zaGlkZGVuZ2FyZGVuLmNvbVwvd3AtY29udGVudFwvdXBsb2Fkc1wvMjAyNFwvMDVcLzQyNTM0NTI1NV83Nzc5Njg0MDQzNzkzNjVfNDQzMDM0MzMyMTEwNjM0ODcyNF9uLmpwZyIsInNsaWRlc2hvdyI6IjZhMmQ1NjIifQ%3D%3D\">\n\t\t\t\t\t<div class=\"e-gallery-image elementor-gallery-item__image\" data-thumbnail=\"https:\/\/mshiddengarden.com\/wp-content\/uploads\/2024\/05\/425345255_777968404379365_4430343321106348724_n.jpg\" data-width=\"2048\" data-height=\"2048\" aria-label=\"Galeri\" role=\"img\" ><\/div>\n\t\t\t\t\t\t\t\t\t\t\t\t\t\t<\/a>\n\t\t\t\t\t\t\t<a class=\"e-gallery-item elementor-gallery-item elementor-animated-content\" href=\"https:\/\/mshiddengarden.com\/wp-content\/uploads\/2024\/05\/430277004_782300577279481_3619475778427489445_n-3.jpg\" data-elementor-open-lightbox=\"yes\" data-elementor-lightbox-slideshow=\"6a2d562\" data-e-action-hash=\"#elementor-action%3Aaction%3Dlightbox%26settings%3DeyJpZCI6Mzg2MCwidXJsIjoiaHR0cHM6XC9cL21zaGlkZGVuZ2FyZGVuLmNvbVwvd3AtY29udGVudFwvdXBsb2Fkc1wvMjAyNFwvMDVcLzQzMDI3NzAwNF83ODIzMDA1NzcyNzk0ODFfMzYxOTQ3NTc3ODQyNzQ4OTQ0NV9uLTMuanBnIiwic2xpZGVzaG93IjoiNmEyZDU2MiJ9\">\n\t\t\t\t\t<div class=\"e-gallery-image elementor-gallery-item__image\" data-thumbnail=\"https:\/\/mshiddengarden.com\/wp-content\/uploads\/2024\/05\/430277004_782300577279481_3619475778427489445_n-3.jpg\" data-width=\"2048\" data-height=\"2048\" aria-label=\"Galeri\" role=\"img\" ><\/div>\n\t\t\t\t\t\t\t\t\t\t\t\t\t\t<\/a>\n\t\t\t\t\t\t\t<a class=\"e-gallery-item elementor-gallery-item elementor-animated-content\" href=\"https:\/\/mshiddengarden.com\/wp-content\/uploads\/2024\/05\/430296363_781631257346413_7836671592942386729_n.jpg\" data-elementor-open-lightbox=\"yes\" data-elementor-lightbox-slideshow=\"6a2d562\" data-e-action-hash=\"#elementor-action%3Aaction%3Dlightbox%26settings%3DeyJpZCI6Mzg2MSwidXJsIjoiaHR0cHM6XC9cL21zaGlkZGVuZ2FyZGVuLmNvbVwvd3AtY29udGVudFwvdXBsb2Fkc1wvMjAyNFwvMDVcLzQzMDI5NjM2M183ODE2MzEyNTczNDY0MTNfNzgzNjY3MTU5Mjk0MjM4NjcyOV9uLmpwZyIsInNsaWRlc2hvdyI6IjZhMmQ1NjIifQ%3D%3D\">\n\t\t\t\t\t<div class=\"e-gallery-image elementor-gallery-item__image\" data-thumbnail=\"https:\/\/mshiddengarden.com\/wp-content\/uploads\/2024\/05\/430296363_781631257346413_7836671592942386729_n.jpg\" data-width=\"2048\" data-height=\"2048\" aria-label=\"Galeri\" role=\"img\" ><\/div>\n\t\t\t\t\t\t\t\t\t\t\t\t\t\t<\/a>\n\t\t\t\t\t\t\t<a class=\"e-gallery-item elementor-gallery-item elementor-animated-content\" href=\"https:\/\/mshiddengarden.com\/wp-content\/uploads\/2024\/05\/430307544_785488846960654_4769779510215250143_n-1.jpg\" data-elementor-open-lightbox=\"yes\" data-elementor-lightbox-slideshow=\"6a2d562\" data-e-action-hash=\"#elementor-action%3Aaction%3Dlightbox%26settings%3DeyJpZCI6Mzg2MiwidXJsIjoiaHR0cHM6XC9cL21zaGlkZGVuZ2FyZGVuLmNvbVwvd3AtY29udGVudFwvdXBsb2Fkc1wvMjAyNFwvMDVcLzQzMDMwNzU0NF83ODU0ODg4NDY5NjA2NTRfNDc2OTc3OTUxMDIxNTI1MDE0M19uLTEuanBnIiwic2xpZGVzaG93IjoiNmEyZDU2MiJ9\">\n\t\t\t\t\t<div class=\"e-gallery-image elementor-gallery-item__image\" data-thumbnail=\"https:\/\/mshiddengarden.com\/wp-content\/uploads\/2024\/05\/430307544_785488846960654_4769779510215250143_n-1.jpg\" data-width=\"2048\" data-height=\"2048\" aria-label=\"Galeri\" role=\"img\" ><\/div>\n\t\t\t\t\t\t\t\t\t\t\t\t\t\t<\/a>\n\t\t\t\t\t\t\t<a class=\"e-gallery-item elementor-gallery-item elementor-animated-content\" href=\"https:\/\/mshiddengarden.com\/wp-content\/uploads\/2024\/05\/431057698_778991427610396_7337193361403986352_n.jpg\" data-elementor-open-lightbox=\"yes\" data-elementor-lightbox-slideshow=\"6a2d562\" data-e-action-hash=\"#elementor-action%3Aaction%3Dlightbox%26settings%3DeyJpZCI6Mzg2MywidXJsIjoiaHR0cHM6XC9cL21zaGlkZGVuZ2FyZGVuLmNvbVwvd3AtY29udGVudFwvdXBsb2Fkc1wvMjAyNFwvMDVcLzQzMTA1NzY5OF83Nzg5OTE0Mjc2MTAzOTZfNzMzNzE5MzM2MTQwMzk4NjM1Ml9uLmpwZyIsInNsaWRlc2hvdyI6IjZhMmQ1NjIifQ%3D%3D\">\n\t\t\t\t\t<div class=\"e-gallery-image elementor-gallery-item__image\" data-thumbnail=\"https:\/\/mshiddengarden.com\/wp-content\/uploads\/2024\/05\/431057698_778991427610396_7337193361403986352_n.jpg\" data-width=\"2048\" data-height=\"2048\" aria-label=\"Galeri\" role=\"img\" ><\/div>\n\t\t\t\t\t\t\t\t\t\t\t\t\t\t<\/a>\n\t\t\t\t\t\t\t<a class=\"e-gallery-item elementor-gallery-item elementor-animated-content\" href=\"https:\/\/mshiddengarden.com\/wp-content\/uploads\/2024\/05\/432057633_784418397067699_7202050828781032445_n.jpg\" data-elementor-open-lightbox=\"yes\" data-elementor-lightbox-slideshow=\"6a2d562\" data-e-action-hash=\"#elementor-action%3Aaction%3Dlightbox%26settings%3DeyJpZCI6Mzg2NCwidXJsIjoiaHR0cHM6XC9cL21zaGlkZGVuZ2FyZGVuLmNvbVwvd3AtY29udGVudFwvdXBsb2Fkc1wvMjAyNFwvMDVcLzQzMjA1NzYzM183ODQ0MTgzOTcwNjc2OTlfNzIwMjA1MDgyODc4MTAzMjQ0NV9uLmpwZyIsInNsaWRlc2hvdyI6IjZhMmQ1NjIifQ%3D%3D\">\n\t\t\t\t\t<div class=\"e-gallery-image elementor-gallery-item__image\" data-thumbnail=\"https:\/\/mshiddengarden.com\/wp-content\/uploads\/2024\/05\/432057633_784418397067699_7202050828781032445_n.jpg\" data-width=\"2048\" data-height=\"2048\" aria-label=\"Galeri\" role=\"img\" ><\/div>\n\t\t\t\t\t\t\t\t\t\t\t\t\t\t<\/a>\n\t\t\t\t\t\t\t<a class=\"e-gallery-item elementor-gallery-item elementor-animated-content\" href=\"https:\/\/mshiddengarden.com\/wp-content\/uploads\/2024\/05\/432063012_789119736597565_4966558092558246094_n.jpg\" data-elementor-open-lightbox=\"yes\" data-elementor-lightbox-slideshow=\"6a2d562\" data-e-action-hash=\"#elementor-action%3Aaction%3Dlightbox%26settings%3DeyJpZCI6Mzg2NSwidXJsIjoiaHR0cHM6XC9cL21zaGlkZGVuZ2FyZGVuLmNvbVwvd3AtY29udGVudFwvdXBsb2Fkc1wvMjAyNFwvMDVcLzQzMjA2MzAxMl83ODkxMTk3MzY1OTc1NjVfNDk2NjU1ODA5MjU1ODI0NjA5NF9uLmpwZyIsInNsaWRlc2hvdyI6IjZhMmQ1NjIifQ%3D%3D\">\n\t\t\t\t\t<div class=\"e-gallery-image elementor-gallery-item__image\" data-thumbnail=\"https:\/\/mshiddengarden.com\/wp-content\/uploads\/2024\/05\/432063012_789119736597565_4966558092558246094_n.jpg\" data-width=\"2048\" data-height=\"2048\" aria-label=\"Galeri\" role=\"img\" ><\/div>\n\t\t\t\t\t\t\t\t\t\t\t\t\t\t<\/a>\n\t\t\t\t\t\t\t<a class=\"e-gallery-item elementor-gallery-item elementor-animated-content\" href=\"https:\/\/mshiddengarden.com\/wp-content\/uploads\/2024\/05\/432075232_787615726747966_389240822423355566_n.jpg\" data-elementor-open-lightbox=\"yes\" data-elementor-lightbox-slideshow=\"6a2d562\" data-e-action-hash=\"#elementor-action%3Aaction%3Dlightbox%26settings%3DeyJpZCI6Mzg2NiwidXJsIjoiaHR0cHM6XC9cL21zaGlkZGVuZ2FyZGVuLmNvbVwvd3AtY29udGVudFwvdXBsb2Fkc1wvMjAyNFwvMDVcLzQzMjA3NTIzMl83ODc2MTU3MjY3NDc5NjZfMzg5MjQwODIyNDIzMzU1NTY2X24uanBnIiwic2xpZGVzaG93IjoiNmEyZDU2MiJ9\">\n\t\t\t\t\t<div class=\"e-gallery-image elementor-gallery-item__image\" data-thumbnail=\"https:\/\/mshiddengarden.com\/wp-content\/uploads\/2024\/05\/432075232_787615726747966_389240822423355566_n.jpg\" data-width=\"2048\" data-height=\"2048\" aria-label=\"One of the Best Turkish Kebab in Istanbul 2025\" role=\"img\" ><\/div>\n\t\t\t\t\t\t\t\t\t\t\t\t\t\t<\/a>\n\t\t\t\t\t\t\t<a class=\"e-gallery-item elementor-gallery-item elementor-animated-content\" href=\"https:\/\/mshiddengarden.com\/wp-content\/uploads\/2024\/05\/432178979_793122892863916_7485925024666659218_n.jpg\" data-elementor-open-lightbox=\"yes\" data-elementor-lightbox-slideshow=\"6a2d562\" data-e-action-hash=\"#elementor-action%3Aaction%3Dlightbox%26settings%3DeyJpZCI6Mzg2NywidXJsIjoiaHR0cHM6XC9cL21zaGlkZGVuZ2FyZGVuLmNvbVwvd3AtY29udGVudFwvdXBsb2Fkc1wvMjAyNFwvMDVcLzQzMjE3ODk3OV83OTMxMjI4OTI4NjM5MTZfNzQ4NTkyNTAyNDY2NjY1OTIxOF9uLmpwZyIsInNsaWRlc2hvdyI6IjZhMmQ1NjIifQ%3D%3D\">\n\t\t\t\t\t<div class=\"e-gallery-image elementor-gallery-item__image\" data-thumbnail=\"https:\/\/mshiddengarden.com\/wp-content\/uploads\/2024\/05\/432178979_793122892863916_7485925024666659218_n.jpg\" data-width=\"1080\" data-height=\"1080\" aria-label=\"Taste the Bosphorus: A Guide to the Best Seafood Restaurants in Istanbul for 2025\" role=\"img\" ><\/div>\n\t\t\t\t\t\t\t\t\t\t\t\t\t\t<\/a>\n\t\t\t\t\t\t\t<a class=\"e-gallery-item elementor-gallery-item elementor-animated-content\" href=\"https:\/\/mshiddengarden.com\/wp-content\/uploads\/2024\/05\/432207841_795057256003813_1920656024002804883_n-1.jpg\" data-elementor-open-lightbox=\"yes\" data-elementor-lightbox-slideshow=\"6a2d562\" data-e-action-hash=\"#elementor-action%3Aaction%3Dlightbox%26settings%3DeyJpZCI6Mzg2OCwidXJsIjoiaHR0cHM6XC9cL21zaGlkZGVuZ2FyZGVuLmNvbVwvd3AtY29udGVudFwvdXBsb2Fkc1wvMjAyNFwvMDVcLzQzMjIwNzg0MV83OTUwNTcyNTYwMDM4MTNfMTkyMDY1NjAyNDAwMjgwNDg4M19uLTEuanBnIiwic2xpZGVzaG93IjoiNmEyZDU2MiJ9\">\n\t\t\t\t\t<div class=\"e-gallery-image elementor-gallery-item__image\" data-thumbnail=\"https:\/\/mshiddengarden.com\/wp-content\/uploads\/2024\/05\/432207841_795057256003813_1920656024002804883_n-1.jpg\" data-width=\"1080\" data-height=\"1080\" aria-label=\"Best Turkish Kebab in Istanbul 2025\" role=\"img\" ><\/div>\n\t\t\t\t\t\t\t\t\t\t\t\t\t\t<\/a>\n\t\t\t\t\t\t\t<a class=\"e-gallery-item elementor-gallery-item elementor-animated-content\" href=\"https:\/\/mshiddengarden.com\/wp-content\/uploads\/2024\/05\/432211130_795074336002105_5627210976450742442_n-1.jpg\" data-elementor-open-lightbox=\"yes\" data-elementor-lightbox-slideshow=\"6a2d562\" data-e-action-hash=\"#elementor-action%3Aaction%3Dlightbox%26settings%3DeyJpZCI6Mzg2OSwidXJsIjoiaHR0cHM6XC9cL21zaGlkZGVuZ2FyZGVuLmNvbVwvd3AtY29udGVudFwvdXBsb2Fkc1wvMjAyNFwvMDVcLzQzMjIxMTEzMF83OTUwNzQzMzYwMDIxMDVfNTYyNzIxMDk3NjQ1MDc0MjQ0Ml9uLTEuanBnIiwic2xpZGVzaG93IjoiNmEyZDU2MiJ9\">\n\t\t\t\t\t<div class=\"e-gallery-image elementor-gallery-item__image\" data-thumbnail=\"https:\/\/mshiddengarden.com\/wp-content\/uploads\/2024\/05\/432211130_795074336002105_5627210976450742442_n-1.jpg\" data-width=\"1080\" data-height=\"1080\" aria-label=\"Galeri\" role=\"img\" ><\/div>\n\t\t\t\t\t\t\t\t\t\t\t\t\t\t<\/a>\n\t\t\t\t\t\t\t<a class=\"e-gallery-item elementor-gallery-item elementor-animated-content\" href=\"https:\/\/mshiddengarden.com\/wp-content\/uploads\/2024\/05\/440650896_408411648708827_1242467304256196654_n.jpg\" data-elementor-open-lightbox=\"yes\" data-elementor-lightbox-slideshow=\"6a2d562\" data-e-action-hash=\"#elementor-action%3Aaction%3Dlightbox%26settings%3DeyJpZCI6Mzg3MCwidXJsIjoiaHR0cHM6XC9cL21zaGlkZGVuZ2FyZGVuLmNvbVwvd3AtY29udGVudFwvdXBsb2Fkc1wvMjAyNFwvMDVcLzQ0MDY1MDg5Nl80MDg0MTE2NDg3MDg4MjdfMTI0MjQ2NzMwNDI1NjE5NjY1NF9uLmpwZyIsInNsaWRlc2hvdyI6IjZhMmQ1NjIifQ%3D%3D\">\n\t\t\t\t\t<div class=\"e-gallery-image elementor-gallery-item__image\" data-thumbnail=\"https:\/\/mshiddengarden.com\/wp-content\/uploads\/2024\/05\/440650896_408411648708827_1242467304256196654_n.jpg\" data-width=\"1440\" data-height=\"1798\" aria-label=\"Testi kebab\" role=\"img\" ><\/div>\n\t\t\t\t\t\t\t\t\t\t\t\t\t\t<\/a>\n\t\t\t\t\t\t\t<a class=\"e-gallery-item elementor-gallery-item elementor-animated-content\" href=\"https:\/\/mshiddengarden.com\/wp-content\/uploads\/2024\/05\/408931712_775649861277886_4595250686643490129_n-1.jpg\" data-elementor-open-lightbox=\"yes\" data-elementor-lightbox-slideshow=\"6a2d562\" data-e-action-hash=\"#elementor-action%3Aaction%3Dlightbox%26settings%3DeyJpZCI6Mzg3MSwidXJsIjoiaHR0cHM6XC9cL21zaGlkZGVuZ2FyZGVuLmNvbVwvd3AtY29udGVudFwvdXBsb2Fkc1wvMjAyNFwvMDVcLzQwODkzMTcxMl83NzU2NDk4NjEyNzc4ODZfNDU5NTI1MDY4NjY0MzQ5MDEyOV9uLTEuanBnIiwic2xpZGVzaG93IjoiNmEyZDU2MiJ9\">\n\t\t\t\t\t<div class=\"e-gallery-image elementor-gallery-item__image\" data-thumbnail=\"https:\/\/mshiddengarden.com\/wp-content\/uploads\/2024\/05\/408931712_775649861277886_4595250686643490129_n-1.jpg\" data-width=\"2048\" data-height=\"2048\" aria-label=\"Galeri\" role=\"img\" ><\/div>\n\t\t\t\t\t\t\t\t\t\t\t\t\t\t<\/a>\n\t\t\t\t\t<\/div>\n\t\t\t\t\t<\/div>\n\t\t\t\t<\/div>\n\t\t\t\t\t<\/div>\n\t\t<\/div>\n\t\t\t\t\t<\/div>\n\t\t<\/section>\n\t\t\t\t<\/div>","protected":false},"excerpt":{"rendered":"<p>Gallery We are waiting for you to experience the best quality flavors of Turkish and World cuisine in the center of Istanbul! https:\/\/mshiddengarden.com\/wp-content\/uploads\/2024\/08\/WhatsApp-Video-2024-08-23-at-15.19.53.mp4<\/p>","protected":false},"author":1,"featured_media":0,"parent":0,"menu_order":0,"comment_status":"closed","ping_status":"closed","template":"elementor_header_footer","meta":{"footnotes":""},"class_list":["post-63","page","type-page","status-publish","hentry"],"_links":{"self":[{"href":"https:\/\/mshiddengarden.com\/tr\/wp-json\/wp\/v2\/pages\/63","targetHints":{"allow":["GET"]}}],"collection":[{"href":"https:\/\/mshiddengarden.com\/tr\/wp-json\/wp\/v2\/pages"}],"about":[{"href":"https:\/\/mshiddengarden.com\/tr\/wp-json\/wp\/v2\/types\/page"}],"author":[{"embeddable":true,"href":"https:\/\/mshiddengarden.com\/tr\/wp-json\/wp\/v2\/users\/1"}],"replies":[{"embeddable":true,"href":"https:\/\/mshiddengarden.com\/tr\/wp-json\/wp\/v2\/comments?post=63"}],"version-history":[{"count":0,"href":"https:\/\/mshiddengarden.com\/tr\/wp-json\/wp\/v2\/pages\/63\/revisions"}],"wp:attachment":[{"href":"https:\/\/mshiddengarden.com\/tr\/wp-json\/wp\/v2\/media?parent=63"}],"curies":[{"name":"wp","href":"https:\/\/api.w.org\/{rel}","templated":true}]}}