{"id":3519,"date":"2024-05-10T02:55:11","date_gmt":"2024-05-09T23:55:11","guid":{"rendered":"https:\/\/deneme2.webdemo.net.tr\/?page_id=3519"},"modified":"2025-05-09T18:41:26","modified_gmt":"2025-05-09T15:41:26","slug":"reservation","status":"publish","type":"page","link":"https:\/\/mshiddengarden.com\/tr\/reservation\/","title":{"rendered":"Rezervasyon"},"content":{"rendered":"<div data-elementor-type=\"wp-page\" data-elementor-id=\"3519\" class=\"elementor elementor-3519\" data-elementor-post-type=\"page\">\n\t\t\t\t\t\t<section class=\"elementor-section elementor-top-section elementor-element elementor-element-12f6fd3 elementor-section-boxed elementor-section-height-default elementor-section-height-default\" data-id=\"12f6fd3\" data-element_type=\"section\" data-e-type=\"section\" data-settings=\"{&quot;background_background&quot;:&quot;classic&quot;}\">\n\t\t\t\t\t\t<div class=\"elementor-container elementor-column-gap-default\">\n\t\t\t\t\t<div class=\"elementor-column elementor-col-100 elementor-top-column elementor-element elementor-element-76d507e\" data-id=\"76d507e\" data-element_type=\"column\" data-e-type=\"column\">\n\t\t\t<div class=\"elementor-widget-wrap elementor-element-populated\">\n\t\t\t\t\t\t<div class=\"elementor-element elementor-element-ac2f7b9 elementor-widget elementor-widget-ova_heading\" data-id=\"ac2f7b9\" data-element_type=\"widget\" data-e-type=\"widget\" data-widget_type=\"ova_heading.default\">\n\t\t\t\t<div class=\"elementor-widget-container\">\n\t\t\t\t\t\t\t\t\t\t<div class=\"ova-heading\">\n\t\t\t\t\t\t\t\t\t\t\t\t\t<h3 class=\"special-heading main-color three_font\">Rezervasyon<\/h3>\n\t\t\t\t\t\t\t\t\t\t\t\t\t\t\t\t\t\t\t<h2 class=\"special-heading-1 second_font\">MASA REZERVASYONU<\/h2>\n\t\t\t\t\t\t\t\t\t\t\t<\/div>\n\t\t\t\t\t\t\t\t<\/div>\n\t\t\t\t<\/div>\n\t\t\t\t<div class=\"elementor-element elementor-element-6bc4436 elementor-widget elementor-widget-text-editor\" data-id=\"6bc4436\" data-element_type=\"widget\" data-e-type=\"widget\" data-widget_type=\"text-editor.default\">\n\t\t\t\t<div class=\"elementor-widget-container\">\n\t\t\t\t\t\t\t\t\t<p style=\"text-align: center;\">Ge\u00e7 kalmadan yerinizi ay\u0131rt\u0131n, T\u00fcrk ve d\u00fcnya mutfa\u011f\u0131n\u0131n lezzetlerini Hidden Garden kalitesiyle ya\u015fay\u0131n!<\/p>\t\t\t\t\t\t\t\t<\/div>\n\t\t\t\t<\/div>\n\t\t\t\t<div class=\"elementor-element elementor-element-5eee753 reservation-hp1 elementor-widget elementor-widget-shortcode\" data-id=\"5eee753\" data-element_type=\"widget\" data-e-type=\"widget\" data-widget_type=\"shortcode.default\">\n\t\t\t\t<div class=\"elementor-widget-container\">\n\t\t\t\t\t\t\t<div class=\"elementor-shortcode\">\n<div class=\"wpcf7 no-js\" id=\"wpcf7-f1379-o1\" lang=\"en-US\" dir=\"ltr\" data-wpcf7-id=\"1379\">\n<div class=\"screen-reader-response\"><p role=\"status\" aria-live=\"polite\" aria-atomic=\"true\"><\/p> <ul><\/ul><\/div>\n<form action=\"\/tr\/wp-json\/wp\/v2\/pages\/3519#wpcf7-f1379-o1\" method=\"post\" class=\"wpcf7-form init\" aria-label=\"Contact form\" novalidate=\"novalidate\" data-status=\"init\" data-trp-original-action=\"\/tr\/wp-json\/wp\/v2\/pages\/3519#wpcf7-f1379-o1\">\n<fieldset class=\"hidden-fields-container\"><input type=\"hidden\" name=\"_wpcf7\" value=\"1379\" \/><input type=\"hidden\" name=\"_wpcf7_version\" value=\"6.1.5\" \/><input type=\"hidden\" name=\"_wpcf7_locale\" value=\"en_US\" \/><input type=\"hidden\" name=\"_wpcf7_unit_tag\" value=\"wpcf7-f1379-o1\" \/><input type=\"hidden\" name=\"_wpcf7_container_post\" value=\"0\" \/><input type=\"hidden\" name=\"_wpcf7_posted_data_hash\" value=\"\" \/><input type=\"hidden\" name=\"_wpcf7_recaptcha_response\" value=\"\" \/>\n<\/fieldset>\n<div class=\"container\">\n\t<div class=\"row booking_form_1\">\n\t\t<div class=\"col-md-4 reon-mb\" style=\"font-family:Red Hat Display;\">\n\t\t\t<p><span class=\"wpcf7-form-control-wrap\" data-name=\"your-name\"><input size=\"40\" maxlength=\"400\" class=\"wpcf7-form-control wpcf7-text wpcf7-validates-as-required\" aria-required=\"true\" aria-invalid=\"false\" placeholder=\"Ad\u0131n\u0131z Soyad\u0131n\u0131z\" value=\"\" type=\"text\" name=\"your-name\" \/><\/span>\n\t\t\t<\/p>\n\t\t<\/div>\n\t\t<div class=\"col-md-4 reon-mb\" style=\"font-family:Red Hat Display;\">\n\t\t\t<p><span class=\"wpcf7-form-control-wrap\" data-name=\"your-email\"><input size=\"40\" maxlength=\"400\" class=\"wpcf7-form-control wpcf7-email wpcf7-validates-as-required wpcf7-text wpcf7-validates-as-email\" aria-required=\"true\" aria-invalid=\"false\" placeholder=\"E-Posta Adresiniz\" value=\"\" type=\"email\" name=\"your-email\" \/><\/span>\n\t\t\t<\/p>\n\t\t<\/div>\n\t\t<div class=\"col-md-4 reon-mb\" style=\"font-family:Red Hat Display;\">\n\t\t\t<p><span class=\"wpcf7-form-control-wrap\" data-name=\"your-tel\"><input size=\"40\" maxlength=\"400\" class=\"wpcf7-form-control wpcf7-tel wpcf7-validates-as-required wpcf7-text wpcf7-validates-as-tel\" aria-required=\"true\" aria-invalid=\"false\" placeholder=\"Telefon\" value=\"\" type=\"tel\" name=\"your-tel\" \/><\/span>\n\t\t\t<\/p>\n\t\t<\/div>\n\t\t<div class=\"col-md-4 reon-mb\" style=\"font-family:Red Hat Display;\">\n\t\t\t<p><span class=\"wpcf7-form-control-wrap\" data-name=\"people\"><select class=\"wpcf7-form-control wpcf7-select wpcf7-validates-as-required input-text\" id=\"people\" aria-required=\"true\" aria-invalid=\"false\" name=\"people\"><option value=\"\">Se\u00e7iniz...<\/option><option value=\"1 Person\">1 Ki\u015fi<\/option><option value=\"2 Person\">2 Ki\u015fi<\/option><option value=\"3 Person\">3 Ki\u015fi<\/option><option value=\"4 Person\">4 Ki\u015fi<\/option><option value=\"5 Person\">5 Ki\u015fi<\/option><option value=\"6 Person\">6 Ki\u015fi<\/option><option value=\"7 Person\">7 Ki\u015fi<\/option><option value=\"8 Person\">8 Ki\u015fi<\/option><option value=\"9 Person\">9 Ki\u015fi<\/option><option value=\"10+\">10+<\/option><\/select><\/span>\n\t\t\t<\/p>\n\t\t<\/div>\n\t\t<div class=\"col-md-4 reon-mb\" style=\"font-family:Red Hat Display;\">\n\t\t\t<p><span class=\"wpcf7-form-control-wrap\" data-name=\"date\"><input size=\"40\" maxlength=\"400\" class=\"wpcf7-form-control wpcf7-text wpcf7-validates-as-required date\" aria-required=\"true\" aria-invalid=\"false\" placeholder=\"Reservation Tarihi\" value=\"\" type=\"text\" name=\"date\" \/><\/span>\n\t\t\t<\/p>\n\t\t<\/div>\n\t\t<div class=\"col-md-4 reon-mb\" style=\"font-family:Red Hat Display;\">\n\t\t\t<p><span class=\"wpcf7-form-control-wrap\" data-name=\"time\"><select class=\"wpcf7-form-control wpcf7-select wpcf7-validates-as-required input-text\" id=\"time\" aria-required=\"true\" aria-invalid=\"false\" name=\"time\"><option value=\"\">Rezervasyon Saati<\/option><option value=\"09.00\">09.00<\/option><option value=\"10.00\">10.00<\/option><option value=\"11.00\">11.00<\/option><option value=\"12.00\">12.00<\/option><option value=\"13.00\">13.00<\/option><option value=\"14.00\">14.00<\/option><option value=\"15.00\">15.00<\/option><option value=\"16.00\">16.00<\/option><option value=\"17.00\">17.00<\/option><option value=\"18.00\">18.00<\/option><option value=\"19.00\">19.00<\/option><option value=\"20.00\">20.00<\/option><option value=\"21.00\">21.00<\/option><option value=\"22.00\">22.00<\/option><option value=\"23.00\">23.00<\/option><option value=\"00.00\">00.00<\/option><\/select><\/span>\n\t\t\t<\/p>\n\t\t<\/div>\n\t\t<div class=\"col-md-12 text-center reon-mb\" style=\"font-family:Red Hat Display;\">\n\t\t\t<p><input class=\"wpcf7-form-control wpcf7-submit has-spinner submit au-btn au-btn-yellow btn-medium\" type=\"submit\" value=\"G\u00d6NDER\" \/>\n\t\t\t<\/p>\n\t\t<\/div>\n\t<\/div>\n<\/div><div class=\"wpcf7-response-output\" aria-hidden=\"true\"><\/div>\n<input type=\"hidden\" name=\"trp-form-language\" value=\"tr\"\/><\/form>\n<\/div>\n<\/div>\n\t\t\t\t\t\t<\/div>\n\t\t\t\t<\/div>\n\t\t\t\t\t<\/div>\n\t\t<\/div>\n\t\t\t\t\t<\/div>\n\t\t<\/section>\n\t\t\t\t<\/div>","protected":false},"excerpt":{"rendered":"<p>Reservation BOOK A TABLE Book your place before it&#8217;s too late and enjoy the flavors of Turkish and world cuisine with Hidden Garden quality!<\/p>","protected":false},"author":1,"featured_media":0,"parent":0,"menu_order":0,"comment_status":"closed","ping_status":"closed","template":"elementor_header_footer","meta":{"footnotes":""},"class_list":["post-3519","page","type-page","status-publish","hentry"],"_links":{"self":[{"href":"https:\/\/mshiddengarden.com\/tr\/wp-json\/wp\/v2\/pages\/3519","targetHints":{"allow":["GET"]}}],"collection":[{"href":"https:\/\/mshiddengarden.com\/tr\/wp-json\/wp\/v2\/pages"}],"about":[{"href":"https:\/\/mshiddengarden.com\/tr\/wp-json\/wp\/v2\/types\/page"}],"author":[{"embeddable":true,"href":"https:\/\/mshiddengarden.com\/tr\/wp-json\/wp\/v2\/users\/1"}],"replies":[{"embeddable":true,"href":"https:\/\/mshiddengarden.com\/tr\/wp-json\/wp\/v2\/comments?post=3519"}],"version-history":[{"count":0,"href":"https:\/\/mshiddengarden.com\/tr\/wp-json\/wp\/v2\/pages\/3519\/revisions"}],"wp:attachment":[{"href":"https:\/\/mshiddengarden.com\/tr\/wp-json\/wp\/v2\/media?parent=3519"}],"curies":[{"name":"wp","href":"https:\/\/api.w.org\/{rel}","templated":true}]}}